{"id":41553,"date":"2024-08-26T07:41:34","date_gmt":"2024-08-26T07:41:34","guid":{"rendered":"https:\/\/www.weeride.co.uk\/?post_type=product&#038;p=41553"},"modified":"2026-04-28T08:41:42","modified_gmt":"2026-04-28T08:41:42","slug":"siege-de-velo-avant-weeride-safe-front-platinum-noir-nouveau","status":"publish","type":"product","link":"https:\/\/www.weeride.co.uk\/fr\/shop\/weeride-safe-front-platinum-baby-bike-seat-black-new\/","title":{"rendered":"Si\u00e8ge v\u00e9lo WeeRide Safe Front PLATINUM b\u00e9b\u00e9 \u2013 Noir \u2013 NOUVEAU \u2013 OFFRE DE LANCEMENT"},"content":{"rendered":"<p><u>R\u00c9SUM\u00c9<\/u><\/p>\n<p>Le nouvel ajout \u00e0 notre gamme est le si\u00e8ge Platinum. Les diff\u00e9rences entre les si\u00e8ges sont visibles dans le tableau ci-dessous. Le si\u00e8ge Platinum est notre si\u00e8ge haut de gamme qui comprend un coussin r\u00e9sistant \u00e0 la pluie et facile \u00e0 nettoyer. Il comprend \u00e9galement un adaptateur de tige pour les v\u00e9los avec des tubes sup\u00e9rieurs surdimensionn\u00e9s ou sans espace sous le jeu de direction.<\/p>\n<table width=\"551\">\n<tbody>\n<tr>\n<td width=\"59\"><\/td>\n<td width=\"111\">WEERIDE ECO<\/td>\n<td width=\"117\">WEERIDE C SIEGE AVANT CLASSIC<\/td>\n<td width=\"146\">WEERIDE SAFE FRONT DELUXE<\/td>\n<td width=\"118\">WEERIDE SAFE FRONT PLATINUM<\/td>\n<\/tr>\n<tr>\n<td width=\"59\">CODE<\/td>\n<td width=\"111\">98080<\/td>\n<td width=\"117\">98072E<\/td>\n<td width=\"146\">98102E<\/td>\n<td width=\"118\">98083<\/td>\n<\/tr>\n<tr>\n<td width=\"59\">Prix de vente conseill\u00e9 \u00a3<\/td>\n<td width=\"111\">89<\/td>\n<td width=\"117\">109<\/td>\n<td width=\"146\">129<\/td>\n<td width=\"118\">149<\/td>\n<\/tr>\n<tr>\n<td width=\"59\">FABRIQU\u00c9<\/td>\n<td width=\"111\">Chine<\/td>\n<td width=\"117\">Portugal<\/td>\n<td width=\"146\">Portugal<\/td>\n<td width=\"118\">Portugal<\/td>\n<\/tr>\n<tr>\n<td width=\"59\">SP\u00c9CIFICATIONS<\/td>\n<td width=\"111\">coussin de si\u00e8ge<\/td>\n<td width=\"117\">\u00c9CO+<\/td>\n<td width=\"146\">CLASSIC+<\/td>\n<td width=\"118\">DELUXE+<\/td>\n<\/tr>\n<tr>\n<td width=\"59\"><\/td>\n<td width=\"111\">sangles de base<\/td>\n<td width=\"117\">Approuv\u00e9 par l'UE<\/td>\n<td width=\"146\">coussin de si\u00e8ge deluxe<\/td>\n<td width=\"118\">adaptateur de tige<\/td>\n<\/tr>\n<tr>\n<td width=\"59\"><\/td>\n<td width=\"111\">\u00c9tats-Unis approuv\u00e9s<\/td>\n<td width=\"117\">sangles de pied<\/td>\n<td width=\"146\">Coussin de socle de luxe<\/td>\n<td width=\"118\">nettoyer coussin<\/td>\n<\/tr>\n<tr>\n<td width=\"59\"><\/td>\n<td width=\"111\"><\/td>\n<td width=\"117\">NOUVEAUX sangles \/ boucle de luxe<\/td>\n<td width=\"146\"><\/td>\n<td width=\"118\">vis d'\u00e9tau suppl\u00e9mentaire<\/td>\n<\/tr>\n<tr>\n<td width=\"59\"><\/td>\n<td width=\"111\"><\/td>\n<td width=\"117\">Bande de bar<\/td>\n<td width=\"146\"><\/td>\n<td width=\"118\">boulons suppl\u00e9mentaires<\/td>\n<\/tr>\n<tr>\n<td width=\"59\">COULEUR<\/td>\n<td width=\"111\">Menthe<\/td>\n<td width=\"117\">Rouge<\/td>\n<td width=\"146\">Bleu<\/td>\n<td width=\"118\">Noir<\/td>\n<\/tr>\n<tr>\n<td width=\"59\"><\/td>\n<td width=\"111\">Coquille de menthe<\/td>\n<td width=\"117\">Coquille grise<\/td>\n<td width=\"146\">Carapace Bleue \/ Carapace Noire<\/td>\n<td width=\"118\">Coque argent\u00e9e<\/td>\n<\/tr>\n<tr>\n<td width=\"59\">SEAT<\/td>\n<td width=\"111\">&nbsp;<\/p>\n<table>\n<tbody>\n<tr>\n<td width=\"109\">Tampon gris<\/td>\n<\/tr>\n<\/tbody>\n<\/table>\n<\/td>\n<td width=\"117\">Tapis rouge<\/td>\n<td width=\"146\">&nbsp;<\/p>\n<table>\n<tbody>\n<tr>\n<td width=\"116\">Tapis bleu \/ Tapis gris<\/td>\n<\/tr>\n<\/tbody>\n<\/table>\n<\/td>\n<td width=\"118\">&nbsp;<\/p>\n<table>\n<tbody>\n<tr>\n<td width=\"117\">Tampon de nettoyage noir<\/td>\n<\/tr>\n<\/tbody>\n<\/table>\n<\/td>\n<\/tr>\n<\/tbody>\n<\/table>","protected":false},"excerpt":{"rendered":"<div class='et-learn-more clearfix'>\n\t\t\t\t\t<h3 class='heading-more'>POINTS CL\u00c9S DE VENTE<span class='et_learnmore_arrow'><span><\/span><\/span><\/h3>\n\t\t\t\t\t<div class='learn-more-content'>\u2022 Test\u00e9 par TUV et GS pour d\u00e9passer les normes de s\u00e9curit\u00e9 europ\u00e9ennes EN14344<\/p>\n<p>\u2022 S&#x27;adapte \u00e0 plus de v\u00e9los que n&#x27;importe quelle autre selle. Gr\u00e2ce \u00e0 nos nouveaux adaptateurs, nous couvrons d\u00e9sormais 99% de v\u00e9los pour femmes et pour hommes.<\/p>\n<p>\u2022 Convient \u00e9galement \u00e0 la plus large gamme d'\u00e2ges d'enfants \u2013 Recommand\u00e9 pour les enfants de 1, 2, 3, 4 ans. Peut \u00eatre utilis\u00e9 d\u00e8s que les muscles du cou sont suffisamment forts, c'est-\u00e0-dire 6 \u00e0 9 mois.<\/p>\n<p>\u2022 Production europ\u00e9enne de qualit\u00e9 et tests approfondis dans des laboratoires de l'UE.<\/p>\n<p>\u2022 Permet au cavalier de communiquer avec son enfant et de r\u00e9pondre aux besoins de l'enfant. Ils ont la m\u00eame vue que vous et non votre dos !<\/p>\n<p>\u2022 Le si\u00e8ge peut \u00eatre install\u00e9 facilement en 5 \u00e0 20 minutes selon l'exp\u00e9rience.<\/p>\n<p>\u2022 La barre brevet\u00e9e place le poids au centre du v\u00e9lo et non \u00e0 l'avant comme les autres si\u00e8ges avant<\/p>\n<p>\u2022 Vous sentez que l'enfant est plus en s\u00e9curit\u00e9 avec vos bras autour de lui dans son si\u00e8ge de v\u00e9lo.<\/p>\n<p>\u2022 Le si\u00e8ge peut \u00eatre retir\u00e9 en quelques secondes pour une conduite en solo, et peut \u00eatre \u00e9chang\u00e9 entre les v\u00e9los en quelques secondes avec une barre suppl\u00e9mentaire.<\/p>\n<p>\u2022 Appui-t\u00eate pour que b\u00e9b\u00e9 dorme, ce qu'il fait d\u00e8s son plus jeune \u00e2ge<\/p>\n<p>\u2022 Garantie de 2 ans et support complet.<\/div>\n\t\t\t\t<\/div>\n<div class='et-learn-more clearfix'>\n\t\t\t\t\t<h3 class='heading-more'>DESCRIPTION DU PRODUIT<span class='et_learnmore_arrow'><span><\/span><\/span><\/h3>\n\t\t\t\t\t<div class='learn-more-content'>Les si\u00e8ges prim\u00e9s WeeRide Safe Front Baby sont les si\u00e8ges de v\u00e9lo originaux pour b\u00e9b\u00e9 et toujours les meilleurs. C'est pourquoi ils sont les plus s\u00fbrs (test\u00e9s pour d\u00e9passer les normes europ\u00e9ennes EN14344) et les plus amusants du march\u00e9. Le WeeRide n'est pas vraiment un si\u00e8ge enfant mont\u00e9 \u00e0 l'avant, mais un si\u00e8ge enfant mont\u00e9 au centre. Les si\u00e8ges mont\u00e9s \u00e0 l'avant font peser tout le poids de l'enfant sur le guidon, ce qui rend la direction plus difficile, votre enfant est ballot\u00e9 et, plus important encore, ils ne sont pas s\u00fbrs \u00e0 notre avis si vous devez vous arr\u00eater rapidement. Les si\u00e8ges arri\u00e8re d\u00e9stabilisent votre v\u00e9lo et n'amusent pas votre enfant qui regarde votre dos et ne peut pas communiquer avec vous. Notre barre brevet\u00e9e place tout le poids au centre et votre enfant est en s\u00e9curit\u00e9 dans vos bras. Cela signifie que vous pouvez utiliser un si\u00e8ge b\u00e9b\u00e9 WeeRide plus t\u00f4t que tout autre si\u00e8ge enfant sur votre v\u00e9lo. La premi\u00e8re fois que vous utilisez le si\u00e8ge, vous r\u00e9alisez pourquoi les critiques sont si bonnes, car c'est tellement amusant de pouvoir discuter avec votre enfant et de lui signaler des choses.<\/div>\n\t\t\t\t<\/div>\n<div class='et-learn-more clearfix'>\n\t\t\t\t\t<h3 class='heading-more'>CARACT\u00c9RISTIQUES DE S\u00c9CURIT\u00c9<span class='et_learnmore_arrow'><span><\/span><\/span><\/h3>\n\t\t\t\t\t<div class='learn-more-content'><ul>\n<li>Harnais de s\u00e9curit\u00e9 \u00e0 5 points et repose-pieds mobiles ferm\u00e9s pour la s\u00e9curit\u00e9 des enfants<\/li>\n<li>Sangle ajout\u00e9e sous la barre pour plus de stabilit\u00e9<\/li>\n<li>2 vis molet\u00e9es de mouvement pour la s\u00e9curit\u00e9<\/li>\n<li>Boucle de lib\u00e9ration \u00e0 2 mouvements pour la s\u00e9curit\u00e9<\/li>\n<li>Sangles suppl\u00e9mentaires sur les supports de repose-pieds<\/li>\n<li>C\u00f4t\u00e9s plus hauts sur le si\u00e8ge de v\u00e9lo pour b\u00e9b\u00e9 pour une meilleure stabilit\u00e9 de l'enfant<\/div>\n\t\t\t\t<\/div><\/li>\n<\/ul>\n<div class='et-learn-more clearfix'>\n\t\t\t\t\t<h3 class='heading-more'>Est-ce que \u00e7a va aller sur mon v\u00e9lo<span class='et_learnmore_arrow'><span><\/span><\/span><\/h3>\n\t\t\t\t\t<div class='learn-more-content'><a href=\"\/fr\/faq\/?ao=wruk_faq_accordion&amp;ai=4\">Cliquez ici<\/a> pour des informations sur la compatibilit\u00e9 du v\u00e9lo.<\/div>\n\t\t\t\t<\/div>\n\n<p>&nbsp;<\/p>\n\n<p>&nbsp;<\/p>","protected":false},"featured_media":41563,"comment_status":"closed","ping_status":"closed","template":"","meta":{"_acf_changed":false},"product_brand":[],"product_cat":[21],"product_tag":[],"class_list":{"0":"post-41553","1":"product","2":"type-product","3":"status-publish","4":"has-post-thumbnail","6":"product_cat-bike-seats","8":"first","9":"instock","10":"sale","11":"taxable","12":"shipping-taxable","13":"purchasable","14":"product-type-simple"},"acf":[],"yoast_head":"<!-- This site is optimized with the Yoast SEO plugin v27.4 - https:\/\/yoast.com\/product\/yoast-seo-wordpress\/ -->\n<title>WeeRide Safe Front PLATINUM Baby Bike Seat - Black - NEW - LAUNCH OFFER &#8211; Weeride UK<\/title>\n<meta name=\"robots\" content=\"index, follow, max-snippet:-1, max-image-preview:large, max-video-preview:-1\" \/>\n<link rel=\"canonical\" href=\"https:\/\/www.weeride.co.uk\/fr\/shop\/siege-de-velo-avant-weeride-safe-front-platinum-noir-nouveau\/\" \/>\n<meta property=\"og:locale\" content=\"fr_FR\" \/>\n<meta property=\"og:type\" content=\"article\" \/>\n<meta property=\"og:title\" content=\"WeeRide Safe Front PLATINUM Baby Bike Seat - Black - NEW - LAUNCH OFFER &#8211; Weeride UK\" \/>\n<meta property=\"og:description\" content=\"&nbsp;    &nbsp;\" \/>\n<meta property=\"og:url\" content=\"https:\/\/www.weeride.co.uk\/fr\/shop\/siege-de-velo-avant-weeride-safe-front-platinum-noir-nouveau\/\" \/>\n<meta property=\"og:site_name\" content=\"Weeride UK\" \/>\n<meta property=\"article:modified_time\" content=\"2026-04-28T08:41:42+00:00\" \/>\n<meta property=\"og:image\" content=\"https:\/\/www.weeride.co.uk\/wp-content\/uploads\/2024\/08\/poza-7-899x1024.png\" \/>\n\t<meta property=\"og:image:width\" content=\"899\" \/>\n\t<meta property=\"og:image:height\" content=\"1024\" \/>\n\t<meta property=\"og:image:type\" content=\"image\/png\" \/>\n<meta name=\"twitter:card\" content=\"summary_large_image\" \/>\n<meta name=\"twitter:label1\" content=\"Est. reading time\" \/>\n\t<meta name=\"twitter:data1\" content=\"1 minute\" \/>\n<script type=\"application\/ld+json\" class=\"yoast-schema-graph\">{\"@context\":\"https:\\\/\\\/schema.org\",\"@graph\":[{\"@type\":\"WebPage\",\"@id\":\"https:\\\/\\\/www.weeride.co.uk\\\/shop\\\/weeride-safe-front-platinum-baby-bike-seat-black-new\\\/\",\"url\":\"https:\\\/\\\/www.weeride.co.uk\\\/shop\\\/weeride-safe-front-platinum-baby-bike-seat-black-new\\\/\",\"name\":\"WeeRide Safe Front PLATINUM Baby Bike Seat - Black - NEW - LAUNCH OFFER &#8211; Weeride UK\",\"isPartOf\":{\"@id\":\"https:\\\/\\\/www.weeride.co.uk\\\/#website\"},\"primaryImageOfPage\":{\"@id\":\"https:\\\/\\\/www.weeride.co.uk\\\/shop\\\/weeride-safe-front-platinum-baby-bike-seat-black-new\\\/#primaryimage\"},\"image\":{\"@id\":\"https:\\\/\\\/www.weeride.co.uk\\\/shop\\\/weeride-safe-front-platinum-baby-bike-seat-black-new\\\/#primaryimage\"},\"thumbnailUrl\":\"https:\\\/\\\/www.weeride.co.uk\\\/wp-content\\\/uploads\\\/2024\\\/08\\\/poza-7.png\",\"datePublished\":\"2024-08-26T07:41:34+00:00\",\"dateModified\":\"2026-04-28T08:41:42+00:00\",\"breadcrumb\":{\"@id\":\"https:\\\/\\\/www.weeride.co.uk\\\/shop\\\/weeride-safe-front-platinum-baby-bike-seat-black-new\\\/#breadcrumb\"},\"inLanguage\":\"fr-FR\",\"potentialAction\":[{\"@type\":\"ReadAction\",\"target\":[\"https:\\\/\\\/www.weeride.co.uk\\\/shop\\\/weeride-safe-front-platinum-baby-bike-seat-black-new\\\/\"]}]},{\"@type\":\"ImageObject\",\"inLanguage\":\"fr-FR\",\"@id\":\"https:\\\/\\\/www.weeride.co.uk\\\/shop\\\/weeride-safe-front-platinum-baby-bike-seat-black-new\\\/#primaryimage\",\"url\":\"https:\\\/\\\/www.weeride.co.uk\\\/wp-content\\\/uploads\\\/2024\\\/08\\\/poza-7.png\",\"contentUrl\":\"https:\\\/\\\/www.weeride.co.uk\\\/wp-content\\\/uploads\\\/2024\\\/08\\\/poza-7.png\",\"width\":6048,\"height\":6890},{\"@type\":\"BreadcrumbList\",\"@id\":\"https:\\\/\\\/www.weeride.co.uk\\\/shop\\\/weeride-safe-front-platinum-baby-bike-seat-black-new\\\/#breadcrumb\",\"itemListElement\":[{\"@type\":\"ListItem\",\"position\":1,\"name\":\"Home\",\"item\":\"https:\\\/\\\/www.weeride.co.uk\\\/\"},{\"@type\":\"ListItem\",\"position\":2,\"name\":\"Shop\",\"item\":\"https:\\\/\\\/www.weeride.co.uk\\\/shop\\\/\"},{\"@type\":\"ListItem\",\"position\":3,\"name\":\"WeeRide Safe Front PLATINUM Baby Bike Seat &#8211; Black &#8211; NEW &#8211; LAUNCH OFFER\"}]},{\"@type\":\"WebSite\",\"@id\":\"https:\\\/\\\/www.weeride.co.uk\\\/#website\",\"url\":\"https:\\\/\\\/www.weeride.co.uk\\\/\",\"name\":\"Weeride UK\",\"description\":\"Official UK distributor of WeeRide products\",\"publisher\":{\"@id\":\"https:\\\/\\\/www.weeride.co.uk\\\/#organization\"},\"potentialAction\":[{\"@type\":\"SearchAction\",\"target\":{\"@type\":\"EntryPoint\",\"urlTemplate\":\"https:\\\/\\\/www.weeride.co.uk\\\/?s={search_term_string}\"},\"query-input\":{\"@type\":\"PropertyValueSpecification\",\"valueRequired\":true,\"valueName\":\"search_term_string\"}}],\"inLanguage\":\"fr-FR\"},{\"@type\":\"Organization\",\"@id\":\"https:\\\/\\\/www.weeride.co.uk\\\/#organization\",\"name\":\"WeeRide UK\",\"url\":\"https:\\\/\\\/www.weeride.co.uk\\\/\",\"logo\":{\"@type\":\"ImageObject\",\"inLanguage\":\"fr-FR\",\"@id\":\"https:\\\/\\\/www.weeride.co.uk\\\/#\\\/schema\\\/logo\\\/image\\\/\",\"url\":\"https:\\\/\\\/www.weeride.co.uk\\\/wp-content\\\/uploads\\\/2019\\\/08\\\/Weeride-Logo.png\",\"contentUrl\":\"https:\\\/\\\/www.weeride.co.uk\\\/wp-content\\\/uploads\\\/2019\\\/08\\\/Weeride-Logo.png\",\"width\":1500,\"height\":750,\"caption\":\"WeeRide UK\"},\"image\":{\"@id\":\"https:\\\/\\\/www.weeride.co.uk\\\/#\\\/schema\\\/logo\\\/image\\\/\"}}]}<\/script>\n<!-- \/ Yoast SEO plugin. -->","yoast_head_json":{"title":"Si\u00e8ge de v\u00e9lo avant WeeRide Safe PLATINUM pour b\u00e9b\u00e9 - Noir - NEUF - OFFRE DE LANCEMent \u2013 Weeride UK","robots":{"index":"index","follow":"follow","max-snippet":"max-snippet:-1","max-image-preview":"max-image-preview:large","max-video-preview":"max-video-preview:-1"},"canonical":"https:\/\/www.weeride.co.uk\/fr\/shop\/siege-de-velo-avant-weeride-safe-front-platinum-noir-nouveau\/","og_locale":"fr_FR","og_type":"article","og_title":"WeeRide Safe Front PLATINUM Baby Bike Seat - Black - NEW - LAUNCH OFFER &#8211; Weeride UK","og_description":"&nbsp;    &nbsp;","og_url":"https:\/\/www.weeride.co.uk\/fr\/shop\/siege-de-velo-avant-weeride-safe-front-platinum-noir-nouveau\/","og_site_name":"Weeride UK","article_modified_time":"2026-04-28T08:41:42+00:00","og_image":[{"width":899,"height":1024,"url":"https:\/\/www.weeride.co.uk\/wp-content\/uploads\/2024\/08\/poza-7-899x1024.png","type":"image\/png"}],"twitter_card":"summary_large_image","twitter_misc":{"Est. reading time":"1 minute"},"schema":{"@context":"https:\/\/schema.org","@graph":[{"@type":"WebPage","@id":"https:\/\/www.weeride.co.uk\/shop\/weeride-safe-front-platinum-baby-bike-seat-black-new\/","url":"https:\/\/www.weeride.co.uk\/shop\/weeride-safe-front-platinum-baby-bike-seat-black-new\/","name":"Si\u00e8ge de v\u00e9lo avant WeeRide Safe PLATINUM pour b\u00e9b\u00e9 - Noir - NEUF - OFFRE DE LANCEMent \u2013 Weeride UK","isPartOf":{"@id":"https:\/\/www.weeride.co.uk\/#website"},"primaryImageOfPage":{"@id":"https:\/\/www.weeride.co.uk\/shop\/weeride-safe-front-platinum-baby-bike-seat-black-new\/#primaryimage"},"image":{"@id":"https:\/\/www.weeride.co.uk\/shop\/weeride-safe-front-platinum-baby-bike-seat-black-new\/#primaryimage"},"thumbnailUrl":"https:\/\/www.weeride.co.uk\/wp-content\/uploads\/2024\/08\/poza-7.png","datePublished":"2024-08-26T07:41:34+00:00","dateModified":"2026-04-28T08:41:42+00:00","breadcrumb":{"@id":"https:\/\/www.weeride.co.uk\/shop\/weeride-safe-front-platinum-baby-bike-seat-black-new\/#breadcrumb"},"inLanguage":"fr-FR","potentialAction":[{"@type":"ReadAction","target":["https:\/\/www.weeride.co.uk\/shop\/weeride-safe-front-platinum-baby-bike-seat-black-new\/"]}]},{"@type":"ImageObject","inLanguage":"fr-FR","@id":"https:\/\/www.weeride.co.uk\/shop\/weeride-safe-front-platinum-baby-bike-seat-black-new\/#primaryimage","url":"https:\/\/www.weeride.co.uk\/wp-content\/uploads\/2024\/08\/poza-7.png","contentUrl":"https:\/\/www.weeride.co.uk\/wp-content\/uploads\/2024\/08\/poza-7.png","width":6048,"height":6890},{"@type":"BreadcrumbList","@id":"https:\/\/www.weeride.co.uk\/shop\/weeride-safe-front-platinum-baby-bike-seat-black-new\/#breadcrumb","itemListElement":[{"@type":"ListItem","position":1,"name":"Home","item":"https:\/\/www.weeride.co.uk\/"},{"@type":"ListItem","position":2,"name":"Shop","item":"https:\/\/www.weeride.co.uk\/shop\/"},{"@type":"ListItem","position":3,"name":"WeeRide Safe Front PLATINUM Baby Bike Seat &#8211; Black &#8211; NEW &#8211; LAUNCH OFFER"}]},{"@type":"WebSite","@id":"https:\/\/www.weeride.co.uk\/#website","url":"https:\/\/www.weeride.co.uk\/","name":"Weeride Royaume-Uni","description":"Distributeur officiel des produits WeeRide au Royaume-Uni","publisher":{"@id":"https:\/\/www.weeride.co.uk\/#organization"},"potentialAction":[{"@type":"SearchAction","target":{"@type":"EntryPoint","urlTemplate":"https:\/\/www.weeride.co.uk\/?s={search_term_string}"},"query-input":{"@type":"PropertyValueSpecification","valueRequired":true,"valueName":"search_term_string"}}],"inLanguage":"fr-FR"},{"@type":"Organization","@id":"https:\/\/www.weeride.co.uk\/#organization","name":"WeeRide UK","url":"https:\/\/www.weeride.co.uk\/","logo":{"@type":"ImageObject","inLanguage":"fr-FR","@id":"https:\/\/www.weeride.co.uk\/#\/schema\/logo\/image\/","url":"https:\/\/www.weeride.co.uk\/wp-content\/uploads\/2019\/08\/Weeride-Logo.png","contentUrl":"https:\/\/www.weeride.co.uk\/wp-content\/uploads\/2019\/08\/Weeride-Logo.png","width":1500,"height":750,"caption":"WeeRide UK"},"image":{"@id":"https:\/\/www.weeride.co.uk\/#\/schema\/logo\/image\/"}}]}},"_links":{"self":[{"href":"https:\/\/www.weeride.co.uk\/fr\/wp-json\/wp\/v2\/product\/41553","targetHints":{"allow":["GET"]}}],"collection":[{"href":"https:\/\/www.weeride.co.uk\/fr\/wp-json\/wp\/v2\/product"}],"about":[{"href":"https:\/\/www.weeride.co.uk\/fr\/wp-json\/wp\/v2\/types\/product"}],"replies":[{"embeddable":true,"href":"https:\/\/www.weeride.co.uk\/fr\/wp-json\/wp\/v2\/comments?post=41553"}],"wp:featuredmedia":[{"embeddable":true,"href":"https:\/\/www.weeride.co.uk\/fr\/wp-json\/wp\/v2\/media\/41563"}],"wp:attachment":[{"href":"https:\/\/www.weeride.co.uk\/fr\/wp-json\/wp\/v2\/media?parent=41553"}],"wp:term":[{"taxonomy":"product_brand","embeddable":true,"href":"https:\/\/www.weeride.co.uk\/fr\/wp-json\/wp\/v2\/product_brand?post=41553"},{"taxonomy":"product_cat","embeddable":true,"href":"https:\/\/www.weeride.co.uk\/fr\/wp-json\/wp\/v2\/product_cat?post=41553"},{"taxonomy":"product_tag","embeddable":true,"href":"https:\/\/www.weeride.co.uk\/fr\/wp-json\/wp\/v2\/product_tag?post=41553"}],"curies":[{"name":"wp","href":"https:\/\/api.w.org\/{rel}","templated":true}]}}