{"id":30604,"date":"2020-03-19T03:14:23","date_gmt":"2020-03-19T03:14:23","guid":{"rendered":"https:\/\/www.weeride.co.uk\/?post_type=product&#038;p=30604"},"modified":"2026-04-28T08:39:43","modified_gmt":"2026-04-28T08:39:43","slug":"weeride-co-pilot-tagalong-rose","status":"publish","type":"product","link":"https:\/\/www.weeride.co.uk\/fr\/shop\/weeride-co-pilot-tagalong-pink\/","title":{"rendered":"WeeRide Co Pilot Tagalong \u2013 Rose"},"content":{"rendered":"","protected":false},"excerpt":{"rendered":"<div class='et-learn-more clearfix'>\n\t\t\t\t\t<h3 class='heading-more'>POINTS CL\u00c9S DE VENTE<span class='et_learnmore_arrow'><span><\/span><\/span><\/h3>\n\t\t\t\t\t<div class='learn-more-content'><p>\u2022 Conforme \u00e0 toutes les normes de s\u00e9curit\u00e9 mondiales.<\/p>\n<p>\u2022 S'adapte \u00e0 plus de v\u00e9los que tout autre si\u00e8ge suiveur gr\u00e2ce \u00e0 son attelage universel.<\/p>\n<p>\u2022 La remorque peut \u00eatre retir\u00e9e en quelques secondes pour rouler en solo, et peut \u00eatre chang\u00e9e de v\u00e9lo en quelques secondes avec une attache suppl\u00e9mentaire.<\/p>\n<p>\u2022 Le nouveau design brevet\u00e9 \u00e0 pivot Sync Link assure un mouvement et une conduite fluides pour l'enfant.<\/p>\n<p>\u2022 Garde-boue avant au design sup\u00e9rieur.<\/p>\n<p>\u2022 Le nouveau bras se plie facilement pour un rangement \/ d\u00e9placement compact.<\/p>\n<p>\u2022 Guidon r\u00e9glable, ajustements haut\/bas et rotation pour une gamme d'\u00e2ge maximale.<\/p>\n<p>\u2022 S'adapte parfaitement aux tiges de selle surdimensionn\u00e9es jusqu'\u00e0 40 mm.<\/p>\n<p>\u2022 Belles finitions de peinture argent, vert fluo ou rose fluo.<\/p>\n<p>\u2022 Drapeau de s\u00e9curit\u00e9 inclus. Avec 2 garde-boue et un carter de cha\u00eene<\/p>\n<p>Taille de roue 20\u2033. \u2022 Supporte un cycliste jusqu'\u00e0 35 kg.<\/p>\n<p>Recommand\u00e9 pour les \u00e2ges de 4 \u00e0 9 ans, le cycliste doit avoir au moins 52 cm d'entrejambe pour p\u00e9daler \u00e0 la position la plus basse, mais peut rouler sur les p\u00e9dales \u00e0 40 cm.<\/p>\n<p>\u2022 L'enfant peut p\u00e9daler en avant, en arri\u00e8re ou en roue libre. \u2022 MAINTENANT AVEC UN EMBALLAGE AM\u00c9LIOR\u00c9 ET UNE PROTECTION DE TIGE DE SELLE<\/div>\n\t\t\t\t<\/div>","protected":false},"featured_media":521,"comment_status":"closed","ping_status":"closed","template":"","meta":{"_acf_changed":false},"product_brand":[],"product_cat":[24],"product_tag":[],"class_list":{"0":"post-30604","1":"product","2":"type-product","3":"status-publish","4":"has-post-thumbnail","6":"product_cat-tag-alongs","8":"first","9":"instock","10":"taxable","11":"shipping-taxable","12":"purchasable","13":"product-type-simple"},"acf":[],"yoast_head":"<!-- This site is optimized with the Yoast SEO plugin v27.4 - https:\/\/yoast.com\/product\/yoast-seo-wordpress\/ -->\n<title>WeeRide Co Pilot Tagalong - Pink &#8211; Weeride UK<\/title>\n<meta name=\"robots\" content=\"index, follow, max-snippet:-1, max-image-preview:large, max-video-preview:-1\" \/>\n<link rel=\"canonical\" href=\"https:\/\/www.weeride.co.uk\/fr\/shop\/weeride-co-pilot-tagalong-rose\/\" \/>\n<meta property=\"og:locale\" content=\"fr_FR\" \/>\n<meta property=\"og:type\" content=\"article\" \/>\n<meta property=\"og:title\" content=\"WeeRide Co Pilot Tagalong - Pink &#8211; Weeride UK\" \/>\n<meta property=\"og:url\" content=\"https:\/\/www.weeride.co.uk\/fr\/shop\/weeride-co-pilot-tagalong-rose\/\" \/>\n<meta property=\"og:site_name\" content=\"Weeride UK\" \/>\n<meta property=\"article:modified_time\" content=\"2026-04-28T08:39:43+00:00\" \/>\n<meta property=\"og:image\" content=\"https:\/\/www.weeride.co.uk\/wp-content\/uploads\/2019\/08\/COPINK-1.jpg\" \/>\n\t<meta property=\"og:image:width\" content=\"1500\" \/>\n\t<meta property=\"og:image:height\" content=\"893\" \/>\n\t<meta property=\"og:image:type\" content=\"image\/jpeg\" \/>\n<meta name=\"twitter:card\" content=\"summary_large_image\" \/>\n<meta name=\"twitter:label1\" content=\"Est. reading time\" \/>\n\t<meta name=\"twitter:data1\" content=\"1 minute\" \/>\n<script type=\"application\/ld+json\" class=\"yoast-schema-graph\">{\"@context\":\"https:\\\/\\\/schema.org\",\"@graph\":[{\"@type\":\"WebPage\",\"@id\":\"https:\\\/\\\/www.weeride.co.uk\\\/shop\\\/weeride-co-pilot-tagalong-pink\\\/\",\"url\":\"https:\\\/\\\/www.weeride.co.uk\\\/shop\\\/weeride-co-pilot-tagalong-pink\\\/\",\"name\":\"WeeRide Co Pilot Tagalong - Pink &#8211; Weeride UK\",\"isPartOf\":{\"@id\":\"https:\\\/\\\/www.weeride.co.uk\\\/#website\"},\"primaryImageOfPage\":{\"@id\":\"https:\\\/\\\/www.weeride.co.uk\\\/shop\\\/weeride-co-pilot-tagalong-pink\\\/#primaryimage\"},\"image\":{\"@id\":\"https:\\\/\\\/www.weeride.co.uk\\\/shop\\\/weeride-co-pilot-tagalong-pink\\\/#primaryimage\"},\"thumbnailUrl\":\"https:\\\/\\\/www.weeride.co.uk\\\/wp-content\\\/uploads\\\/2019\\\/08\\\/COPINK-1.jpg\",\"datePublished\":\"2020-03-19T03:14:23+00:00\",\"dateModified\":\"2026-04-28T08:39:43+00:00\",\"breadcrumb\":{\"@id\":\"https:\\\/\\\/www.weeride.co.uk\\\/shop\\\/weeride-co-pilot-tagalong-pink\\\/#breadcrumb\"},\"inLanguage\":\"fr-FR\",\"potentialAction\":[{\"@type\":\"ReadAction\",\"target\":[\"https:\\\/\\\/www.weeride.co.uk\\\/shop\\\/weeride-co-pilot-tagalong-pink\\\/\"]}]},{\"@type\":\"ImageObject\",\"inLanguage\":\"fr-FR\",\"@id\":\"https:\\\/\\\/www.weeride.co.uk\\\/shop\\\/weeride-co-pilot-tagalong-pink\\\/#primaryimage\",\"url\":\"https:\\\/\\\/www.weeride.co.uk\\\/wp-content\\\/uploads\\\/2019\\\/08\\\/COPINK-1.jpg\",\"contentUrl\":\"https:\\\/\\\/www.weeride.co.uk\\\/wp-content\\\/uploads\\\/2019\\\/08\\\/COPINK-1.jpg\",\"width\":1500,\"height\":893,\"caption\":\"WeeRide Co-Pilot tagalong in pink\"},{\"@type\":\"BreadcrumbList\",\"@id\":\"https:\\\/\\\/www.weeride.co.uk\\\/shop\\\/weeride-co-pilot-tagalong-pink\\\/#breadcrumb\",\"itemListElement\":[{\"@type\":\"ListItem\",\"position\":1,\"name\":\"Home\",\"item\":\"https:\\\/\\\/www.weeride.co.uk\\\/\"},{\"@type\":\"ListItem\",\"position\":2,\"name\":\"Shop\",\"item\":\"https:\\\/\\\/www.weeride.co.uk\\\/shop\\\/\"},{\"@type\":\"ListItem\",\"position\":3,\"name\":\"WeeRide Co Pilot Tagalong &#8211; Pink\"}]},{\"@type\":\"WebSite\",\"@id\":\"https:\\\/\\\/www.weeride.co.uk\\\/#website\",\"url\":\"https:\\\/\\\/www.weeride.co.uk\\\/\",\"name\":\"Weeride UK\",\"description\":\"Official UK distributor of WeeRide products\",\"publisher\":{\"@id\":\"https:\\\/\\\/www.weeride.co.uk\\\/#organization\"},\"potentialAction\":[{\"@type\":\"SearchAction\",\"target\":{\"@type\":\"EntryPoint\",\"urlTemplate\":\"https:\\\/\\\/www.weeride.co.uk\\\/?s={search_term_string}\"},\"query-input\":{\"@type\":\"PropertyValueSpecification\",\"valueRequired\":true,\"valueName\":\"search_term_string\"}}],\"inLanguage\":\"fr-FR\"},{\"@type\":\"Organization\",\"@id\":\"https:\\\/\\\/www.weeride.co.uk\\\/#organization\",\"name\":\"WeeRide UK\",\"url\":\"https:\\\/\\\/www.weeride.co.uk\\\/\",\"logo\":{\"@type\":\"ImageObject\",\"inLanguage\":\"fr-FR\",\"@id\":\"https:\\\/\\\/www.weeride.co.uk\\\/#\\\/schema\\\/logo\\\/image\\\/\",\"url\":\"https:\\\/\\\/www.weeride.co.uk\\\/wp-content\\\/uploads\\\/2019\\\/08\\\/Weeride-Logo.png\",\"contentUrl\":\"https:\\\/\\\/www.weeride.co.uk\\\/wp-content\\\/uploads\\\/2019\\\/08\\\/Weeride-Logo.png\",\"width\":1500,\"height\":750,\"caption\":\"WeeRide UK\"},\"image\":{\"@id\":\"https:\\\/\\\/www.weeride.co.uk\\\/#\\\/schema\\\/logo\\\/image\\\/\"}}]}<\/script>\n<!-- \/ Yoast SEO plugin. -->","yoast_head_json":{"title":"WeeRide Co Pilot Tagalong - Rose \u2013 Weeride UK","robots":{"index":"index","follow":"follow","max-snippet":"max-snippet:-1","max-image-preview":"max-image-preview:large","max-video-preview":"max-video-preview:-1"},"canonical":"https:\/\/www.weeride.co.uk\/fr\/shop\/weeride-co-pilot-tagalong-rose\/","og_locale":"fr_FR","og_type":"article","og_title":"WeeRide Co Pilot Tagalong - Pink &#8211; Weeride UK","og_url":"https:\/\/www.weeride.co.uk\/fr\/shop\/weeride-co-pilot-tagalong-rose\/","og_site_name":"Weeride UK","article_modified_time":"2026-04-28T08:39:43+00:00","og_image":[{"width":1500,"height":893,"url":"https:\/\/www.weeride.co.uk\/wp-content\/uploads\/2019\/08\/COPINK-1.jpg","type":"image\/jpeg"}],"twitter_card":"summary_large_image","twitter_misc":{"Est. reading time":"1 minute"},"schema":{"@context":"https:\/\/schema.org","@graph":[{"@type":"WebPage","@id":"https:\/\/www.weeride.co.uk\/shop\/weeride-co-pilot-tagalong-pink\/","url":"https:\/\/www.weeride.co.uk\/shop\/weeride-co-pilot-tagalong-pink\/","name":"WeeRide Co Pilot Tagalong - Rose \u2013 Weeride UK","isPartOf":{"@id":"https:\/\/www.weeride.co.uk\/#website"},"primaryImageOfPage":{"@id":"https:\/\/www.weeride.co.uk\/shop\/weeride-co-pilot-tagalong-pink\/#primaryimage"},"image":{"@id":"https:\/\/www.weeride.co.uk\/shop\/weeride-co-pilot-tagalong-pink\/#primaryimage"},"thumbnailUrl":"https:\/\/www.weeride.co.uk\/wp-content\/uploads\/2019\/08\/COPINK-1.jpg","datePublished":"2020-03-19T03:14:23+00:00","dateModified":"2026-04-28T08:39:43+00:00","breadcrumb":{"@id":"https:\/\/www.weeride.co.uk\/shop\/weeride-co-pilot-tagalong-pink\/#breadcrumb"},"inLanguage":"fr-FR","potentialAction":[{"@type":"ReadAction","target":["https:\/\/www.weeride.co.uk\/shop\/weeride-co-pilot-tagalong-pink\/"]}]},{"@type":"ImageObject","inLanguage":"fr-FR","@id":"https:\/\/www.weeride.co.uk\/shop\/weeride-co-pilot-tagalong-pink\/#primaryimage","url":"https:\/\/www.weeride.co.uk\/wp-content\/uploads\/2019\/08\/COPINK-1.jpg","contentUrl":"https:\/\/www.weeride.co.uk\/wp-content\/uploads\/2019\/08\/COPINK-1.jpg","width":1500,"height":893,"caption":"WeeRide Co-Pilot tagalong in pink"},{"@type":"BreadcrumbList","@id":"https:\/\/www.weeride.co.uk\/shop\/weeride-co-pilot-tagalong-pink\/#breadcrumb","itemListElement":[{"@type":"ListItem","position":1,"name":"Home","item":"https:\/\/www.weeride.co.uk\/"},{"@type":"ListItem","position":2,"name":"Shop","item":"https:\/\/www.weeride.co.uk\/shop\/"},{"@type":"ListItem","position":3,"name":"WeeRide Co Pilot Tagalong &#8211; Pink"}]},{"@type":"WebSite","@id":"https:\/\/www.weeride.co.uk\/#website","url":"https:\/\/www.weeride.co.uk\/","name":"Weeride Royaume-Uni","description":"Distributeur officiel des produits WeeRide au Royaume-Uni","publisher":{"@id":"https:\/\/www.weeride.co.uk\/#organization"},"potentialAction":[{"@type":"SearchAction","target":{"@type":"EntryPoint","urlTemplate":"https:\/\/www.weeride.co.uk\/?s={search_term_string}"},"query-input":{"@type":"PropertyValueSpecification","valueRequired":true,"valueName":"search_term_string"}}],"inLanguage":"fr-FR"},{"@type":"Organization","@id":"https:\/\/www.weeride.co.uk\/#organization","name":"WeeRide UK","url":"https:\/\/www.weeride.co.uk\/","logo":{"@type":"ImageObject","inLanguage":"fr-FR","@id":"https:\/\/www.weeride.co.uk\/#\/schema\/logo\/image\/","url":"https:\/\/www.weeride.co.uk\/wp-content\/uploads\/2019\/08\/Weeride-Logo.png","contentUrl":"https:\/\/www.weeride.co.uk\/wp-content\/uploads\/2019\/08\/Weeride-Logo.png","width":1500,"height":750,"caption":"WeeRide UK"},"image":{"@id":"https:\/\/www.weeride.co.uk\/#\/schema\/logo\/image\/"}}]}},"_links":{"self":[{"href":"https:\/\/www.weeride.co.uk\/fr\/wp-json\/wp\/v2\/product\/30604","targetHints":{"allow":["GET"]}}],"collection":[{"href":"https:\/\/www.weeride.co.uk\/fr\/wp-json\/wp\/v2\/product"}],"about":[{"href":"https:\/\/www.weeride.co.uk\/fr\/wp-json\/wp\/v2\/types\/product"}],"replies":[{"embeddable":true,"href":"https:\/\/www.weeride.co.uk\/fr\/wp-json\/wp\/v2\/comments?post=30604"}],"wp:featuredmedia":[{"embeddable":true,"href":"https:\/\/www.weeride.co.uk\/fr\/wp-json\/wp\/v2\/media\/521"}],"wp:attachment":[{"href":"https:\/\/www.weeride.co.uk\/fr\/wp-json\/wp\/v2\/media?parent=30604"}],"wp:term":[{"taxonomy":"product_brand","embeddable":true,"href":"https:\/\/www.weeride.co.uk\/fr\/wp-json\/wp\/v2\/product_brand?post=30604"},{"taxonomy":"product_cat","embeddable":true,"href":"https:\/\/www.weeride.co.uk\/fr\/wp-json\/wp\/v2\/product_cat?post=30604"},{"taxonomy":"product_tag","embeddable":true,"href":"https:\/\/www.weeride.co.uk\/fr\/wp-json\/wp\/v2\/product_tag?post=30604"}],"curies":[{"name":"wp","href":"https:\/\/api.w.org\/{rel}","templated":true}]}}