{"id":91,"date":"2019-08-08T07:08:14","date_gmt":"2019-08-08T07:08:14","guid":{"rendered":"http:\/\/weeride.unpickle.guru\/?page_id=91"},"modified":"2026-04-27T12:31:58","modified_gmt":"2026-04-27T12:31:58","slug":"a-propos","status":"publish","type":"page","link":"https:\/\/www.weeride.co.uk\/fr\/about\/","title":{"rendered":"\u00c0 propos"},"content":{"rendered":"<div class=\"et_pb_section_0 et_pb_section et_section_regular et_block_section\"><div class=\"et_pb_row_0 et_pb_row et_block_row\"><div class=\"et_pb_column_0 et_pb_column et_pb_column_4_4 et-last-child et_block_column et_pb_css_mix_blend_mode_passthrough\"><div class=\"et_pb_text_0 et_pb_text et_pb_bg_layout_light et_pb_module et_block_module\"><div class=\"et_pb_text_inner\"><h1 style=\"text-align: center;\">L'HISTOIRE DE WEERIDE AU ROYAUME-UNI<\/h1>\n<p style=\"text-align: center;\">\n<p style=\"text-align: center;\">POURQUOI VOUS DEVRIEZ VOUS SENTIR 100% EN CONFIANCE DANS VOTRE ACHAT<\/p>\n<\/div><\/div><\/div><\/div><div class=\"et_pb_row_1 et_pb_row et_block_row\"><div class=\"et_pb_column_1 et_pb_column et_pb_column_1_2 et_block_column et_pb_css_mix_blend_mode_passthrough\" id=\"circle-image\"><div class=\"et_pb_image_0 et_pb_image et_pb_module et_block_module\"><span class=\"et_pb_image_wrap\"><img loading=\"lazy\" decoding=\"async\" src=\"https:\/\/www.weeride.co.uk\/wp-content\/uploads\/2019\/08\/ZZMHbikeasleppAPR05c-e1567039665853.jpg\" width=\"1944\" height=\"1944\" srcset=\"https:\/\/www.weeride.co.uk\/wp-content\/uploads\/2019\/08\/ZZMHbikeasleppAPR05c-e1567039665853.jpg 1944w, https:\/\/www.weeride.co.uk\/wp-content\/uploads\/2019\/08\/ZZMHbikeasleppAPR05c-e1567039665853-1280x720.jpg 1280w, https:\/\/www.weeride.co.uk\/wp-content\/uploads\/2019\/08\/ZZMHbikeasleppAPR05c-e1567039665853-980x551.jpg 980w, https:\/\/www.weeride.co.uk\/wp-content\/uploads\/2019\/08\/ZZMHbikeasleppAPR05c-e1567039665853-480x270.jpg 480w\" sizes=\"(min-width: 0px) and (max-width: 480px) 480px, (min-width: 481px) and (max-width: 980px) 980px, (min-width: 981px) and (max-width: 1280px) 1280px, (min-width: 1281px) 1944px, 100vw\" class=\"wp-image-309\" \/><\/span><\/div><\/div><div class=\"et_pb_column_2 et_pb_column et_pb_column_1_2 et-last-child et_block_column et_pb_css_mix_blend_mode_passthrough\"><div class=\"et_pb_text_1 et_pb_text et_pb_bg_layout_light et_pb_module et_block_module\"><div class=\"et_pb_text_inner\"><p>\u00a0En 2006, j'avais besoin d'un si\u00e8ge de v\u00e9lo pour mon enfant. Tout ce que je regardais m'ennuyait et me semblait trop cher. Je ne suis pas une acheteuse impulsive et j'ai pass\u00e9 des heures en ligne \u00e0 regarder les produits, les critiques, etc. Puis je suis tomb\u00e9e sur le WeeRide en ligne. Quelle id\u00e9e simple, mais g\u00e9niale. Ce devait \u00eatre dangereux, c'\u00e9tait trop \u00e9vident. Alors j'ai \u00e9crit aux propri\u00e9taires... Les r\u00e9ponses \u00e9taient sens\u00e9es, peut-\u00eatre que ce n'\u00e9tait pas si \u00e9vident que \u00e7a.<\/p>\n<p>Alors j'ai pris le \u201crisque\u201d, j'ai pay\u00e9 mes 90 \u00a3 et j'en ai achet\u00e9 un. La premi\u00e8re balade \u00e9tait tellement amusante. Harry riait, d\u00e9signait des choses et j'\u00e9tais ravie d'avoir trouv\u00e9 quelque chose que nous pouvions vraiment appr\u00e9cier de faire ensemble. Je me sentais en s\u00e9curit\u00e9 et je faisais un peu d'exercice. Tout \u00e9tait parfait.<\/p>\n<p>Sur le chemin du retour, l'excitation fut trop forte pour Harry et il s'endormit. Je savais donc maintenant ce qu'\u00e9tait ce bloc de plastique \u00e0 l'avant, pas un volant comme je le pensais. D\u00e8s que je suis rentr\u00e9 chez moi, j'ai demand\u00e9 \u00e0 ma femme de prendre cette photo, puis j'ai \u00e9crit aux propri\u00e9taires.<\/p>\n<\/div><\/div><\/div><\/div><div class=\"et_pb_row_2 et_pb_row et_block_row\"><div class=\"et_pb_column_3 et_pb_column et_pb_column_4_4 et-last-child et_block_column et_pb_css_mix_blend_mode_passthrough\"><div class=\"et_pb_divider_0 et_pb_divider et_pb_space et_pb_divider_position_top et_pb_module\"><div class=\"et_pb_divider_internal\"><\/div><\/div><\/div><\/div><div class=\"et_pb_row_3 et_pb_row et_block_row\"><div class=\"et_pb_column_4 et_pb_column et_pb_column_4_4 et-last-child et_block_column et_pb_css_mix_blend_mode_passthrough\"><div class=\"et_pb_text_2 et_pb_text et_pb_bg_layout_light et_pb_module et_block_module\"><div class=\"et_pb_text_inner\"><h3>\u00c0 PROPOS DE MAT NEWMAN<\/h3>\n<p>Ils ne comprenaient pas pourquoi un type qui avait pass\u00e9 presque toute sa vie professionnelle dans le milieu de la musique pouvait leur apporter quelque chose. Mais pour moi, c'\u00e9tait simple. Je croyais en leur produit \u00e0 100%. Alors, apr\u00e8s de nombreux courriels et discussions, ils ont finalement pris une chance avec moi. Mes premi\u00e8res rencontres avec les d\u00e9taillants \u00e9taient ridicules en raison de mon manque de connaissances sur les v\u00e9los et ce secteur de vente au d\u00e9tail. Soyons honn\u00eates, vendre de la musique \u00e0 l'\u00e9poque n'\u00e9tait pas un travail difficile !<\/p>\n<p>Maintenant, j'avais un nouveau produit et de la concurrence. Mais les d\u00e9taillants pouvaient voir au-del\u00e0 de mon inexp\u00e9rience et sentir mon enthousiasme sinc\u00e8re. Ok, assez de mon histoire. La fin heureuse est que nous avons maintenant le si\u00e8ge le plus vendu aux \u00c9tats-Unis et en Europe, et c'est toujours de LOIN le meilleur si\u00e8ge enfant que vous puissiez acheter pour votre enfant. J'ai maintenant eu 3 enfants sur le si\u00e8ge et je l'ai utilis\u00e9 de 6 mois \u00e0 5 ans !<\/p>\n<p>Combien de fois achetez-vous un produit dont le propri\u00e9taire de l'entreprise n'est impliqu\u00e9 que parce qu'il aimait tellement le produit lui-m\u00eame ?<\/p>\n<p>Et en plus du plaisir que vous aurez, vous pouvez acheter le WeeRide en sachant qu'il r\u00e9pond \u00e0 toutes les normes de s\u00e9curit\u00e9 mondiales. Vous devriez toujours v\u00e9rifier avant d'acheter tout produit pour enfant.<\/p>\n<\/div><\/div><\/div><\/div><\/div>","protected":false},"excerpt":{"rendered":"","protected":false},"author":1,"featured_media":0,"parent":0,"menu_order":0,"comment_status":"closed","ping_status":"closed","template":"","meta":{"_acf_changed":false,"footnotes":""},"class_list":["post-91","page","type-page","status-publish","hentry"],"acf":[],"yoast_head":"<!-- This site is optimized with the Yoast SEO plugin v27.4 - https:\/\/yoast.com\/product\/yoast-seo-wordpress\/ -->\n<title>About &#8211; Weeride UK<\/title>\n<meta name=\"robots\" content=\"index, follow, max-snippet:-1, max-image-preview:large, max-video-preview:-1\" \/>\n<link rel=\"canonical\" href=\"https:\/\/www.weeride.co.uk\/fr\/a-propos\/\" \/>\n<meta property=\"og:locale\" content=\"fr_FR\" \/>\n<meta property=\"og:type\" content=\"article\" \/>\n<meta property=\"og:title\" content=\"About &#8211; Weeride UK\" \/>\n<meta property=\"og:url\" content=\"https:\/\/www.weeride.co.uk\/fr\/a-propos\/\" \/>\n<meta property=\"og:site_name\" content=\"Weeride UK\" \/>\n<meta property=\"article:modified_time\" content=\"2026-04-27T12:31:58+00:00\" \/>\n<meta name=\"twitter:card\" content=\"summary_large_image\" \/>\n<script type=\"application\/ld+json\" class=\"yoast-schema-graph\">{\"@context\":\"https:\\\/\\\/schema.org\",\"@graph\":[{\"@type\":\"WebPage\",\"@id\":\"https:\\\/\\\/www.weeride.co.uk\\\/about\\\/\",\"url\":\"https:\\\/\\\/www.weeride.co.uk\\\/about\\\/\",\"name\":\"About &#8211; Weeride UK\",\"isPartOf\":{\"@id\":\"https:\\\/\\\/www.weeride.co.uk\\\/#website\"},\"datePublished\":\"2019-08-08T07:08:14+00:00\",\"dateModified\":\"2026-04-27T12:31:58+00:00\",\"breadcrumb\":{\"@id\":\"https:\\\/\\\/www.weeride.co.uk\\\/about\\\/#breadcrumb\"},\"inLanguage\":\"fr-FR\",\"potentialAction\":[{\"@type\":\"ReadAction\",\"target\":[\"https:\\\/\\\/www.weeride.co.uk\\\/about\\\/\"]}]},{\"@type\":\"BreadcrumbList\",\"@id\":\"https:\\\/\\\/www.weeride.co.uk\\\/about\\\/#breadcrumb\",\"itemListElement\":[{\"@type\":\"ListItem\",\"position\":1,\"name\":\"Home\",\"item\":\"https:\\\/\\\/www.weeride.co.uk\\\/\"},{\"@type\":\"ListItem\",\"position\":2,\"name\":\"About\"}]},{\"@type\":\"WebSite\",\"@id\":\"https:\\\/\\\/www.weeride.co.uk\\\/#website\",\"url\":\"https:\\\/\\\/www.weeride.co.uk\\\/\",\"name\":\"Weeride UK\",\"description\":\"Official UK distributor of WeeRide products\",\"publisher\":{\"@id\":\"https:\\\/\\\/www.weeride.co.uk\\\/#organization\"},\"potentialAction\":[{\"@type\":\"SearchAction\",\"target\":{\"@type\":\"EntryPoint\",\"urlTemplate\":\"https:\\\/\\\/www.weeride.co.uk\\\/?s={search_term_string}\"},\"query-input\":{\"@type\":\"PropertyValueSpecification\",\"valueRequired\":true,\"valueName\":\"search_term_string\"}}],\"inLanguage\":\"fr-FR\"},{\"@type\":\"Organization\",\"@id\":\"https:\\\/\\\/www.weeride.co.uk\\\/#organization\",\"name\":\"WeeRide UK\",\"url\":\"https:\\\/\\\/www.weeride.co.uk\\\/\",\"logo\":{\"@type\":\"ImageObject\",\"inLanguage\":\"fr-FR\",\"@id\":\"https:\\\/\\\/www.weeride.co.uk\\\/#\\\/schema\\\/logo\\\/image\\\/\",\"url\":\"https:\\\/\\\/www.weeride.co.uk\\\/wp-content\\\/uploads\\\/2019\\\/08\\\/Weeride-Logo.png\",\"contentUrl\":\"https:\\\/\\\/www.weeride.co.uk\\\/wp-content\\\/uploads\\\/2019\\\/08\\\/Weeride-Logo.png\",\"width\":1500,\"height\":750,\"caption\":\"WeeRide UK\"},\"image\":{\"@id\":\"https:\\\/\\\/www.weeride.co.uk\\\/#\\\/schema\\\/logo\\\/image\\\/\"}}]}<\/script>\n<!-- \/ Yoast SEO plugin. -->","yoast_head_json":{"title":"\u00c0 propos \u2013 Weeride UK","robots":{"index":"index","follow":"follow","max-snippet":"max-snippet:-1","max-image-preview":"max-image-preview:large","max-video-preview":"max-video-preview:-1"},"canonical":"https:\/\/www.weeride.co.uk\/fr\/a-propos\/","og_locale":"fr_FR","og_type":"article","og_title":"About &#8211; Weeride UK","og_url":"https:\/\/www.weeride.co.uk\/fr\/a-propos\/","og_site_name":"Weeride UK","article_modified_time":"2026-04-27T12:31:58+00:00","twitter_card":"summary_large_image","schema":{"@context":"https:\/\/schema.org","@graph":[{"@type":"WebPage","@id":"https:\/\/www.weeride.co.uk\/about\/","url":"https:\/\/www.weeride.co.uk\/about\/","name":"\u00c0 propos \u2013 Weeride UK","isPartOf":{"@id":"https:\/\/www.weeride.co.uk\/#website"},"datePublished":"2019-08-08T07:08:14+00:00","dateModified":"2026-04-27T12:31:58+00:00","breadcrumb":{"@id":"https:\/\/www.weeride.co.uk\/about\/#breadcrumb"},"inLanguage":"fr-FR","potentialAction":[{"@type":"ReadAction","target":["https:\/\/www.weeride.co.uk\/about\/"]}]},{"@type":"BreadcrumbList","@id":"https:\/\/www.weeride.co.uk\/about\/#breadcrumb","itemListElement":[{"@type":"ListItem","position":1,"name":"Home","item":"https:\/\/www.weeride.co.uk\/"},{"@type":"ListItem","position":2,"name":"About"}]},{"@type":"WebSite","@id":"https:\/\/www.weeride.co.uk\/#website","url":"https:\/\/www.weeride.co.uk\/","name":"Weeride Royaume-Uni","description":"Distributeur officiel des produits WeeRide au Royaume-Uni","publisher":{"@id":"https:\/\/www.weeride.co.uk\/#organization"},"potentialAction":[{"@type":"SearchAction","target":{"@type":"EntryPoint","urlTemplate":"https:\/\/www.weeride.co.uk\/?s={search_term_string}"},"query-input":{"@type":"PropertyValueSpecification","valueRequired":true,"valueName":"search_term_string"}}],"inLanguage":"fr-FR"},{"@type":"Organization","@id":"https:\/\/www.weeride.co.uk\/#organization","name":"WeeRide UK","url":"https:\/\/www.weeride.co.uk\/","logo":{"@type":"ImageObject","inLanguage":"fr-FR","@id":"https:\/\/www.weeride.co.uk\/#\/schema\/logo\/image\/","url":"https:\/\/www.weeride.co.uk\/wp-content\/uploads\/2019\/08\/Weeride-Logo.png","contentUrl":"https:\/\/www.weeride.co.uk\/wp-content\/uploads\/2019\/08\/Weeride-Logo.png","width":1500,"height":750,"caption":"WeeRide UK"},"image":{"@id":"https:\/\/www.weeride.co.uk\/#\/schema\/logo\/image\/"}}]}},"_links":{"self":[{"href":"https:\/\/www.weeride.co.uk\/fr\/wp-json\/wp\/v2\/pages\/91","targetHints":{"allow":["GET"]}}],"collection":[{"href":"https:\/\/www.weeride.co.uk\/fr\/wp-json\/wp\/v2\/pages"}],"about":[{"href":"https:\/\/www.weeride.co.uk\/fr\/wp-json\/wp\/v2\/types\/page"}],"author":[{"embeddable":true,"href":"https:\/\/www.weeride.co.uk\/fr\/wp-json\/wp\/v2\/users\/1"}],"replies":[{"embeddable":true,"href":"https:\/\/www.weeride.co.uk\/fr\/wp-json\/wp\/v2\/comments?post=91"}],"version-history":[{"count":13,"href":"https:\/\/www.weeride.co.uk\/fr\/wp-json\/wp\/v2\/pages\/91\/revisions"}],"predecessor-version":[{"id":51646,"href":"https:\/\/www.weeride.co.uk\/fr\/wp-json\/wp\/v2\/pages\/91\/revisions\/51646"}],"wp:attachment":[{"href":"https:\/\/www.weeride.co.uk\/fr\/wp-json\/wp\/v2\/media?parent=91"}],"curies":[{"name":"wp","href":"https:\/\/api.w.org\/{rel}","templated":true}]}}