{"id":35375,"date":"2021-01-05T21:30:42","date_gmt":"2021-01-05T21:30:42","guid":{"rendered":"https:\/\/www.weeride.co.uk\/?post_type=product&#038;p=35375"},"modified":"2026-04-15T08:07:47","modified_gmt":"2026-04-15T08:07:47","slug":"weeride-tagalong-kazam-link-pro-fahrradanhanger","status":"publish","type":"product","link":"https:\/\/www.weeride.co.uk\/de\/shop\/weeride-tagalong-kazam-link-pro-trailer-bike\/","title":{"rendered":"WeeRide Tagalong Kazam Link Pro Anh\u00e4ngerfahrrad"},"content":{"rendered":"","protected":false},"excerpt":{"rendered":"<div class='et-learn-more clearfix'>\n\t\t\t\t\t<h3 class='heading-more'>Schl\u00fcsselverkaufsargumente<span class='et_learnmore_arrow'><span><\/span><\/span><\/h3>\n\t\t\t\t\t<div class='learn-more-content'><p>\u2022 Erf\u00fcllt alle weltweiten Sicherheitsstandards.<\/p>\n<p>\u2022 Passt an mehr Fahrr\u00e4der als jeder andere Anh\u00e4nger mit der universellen Anh\u00e4ngerkupplung.<\/p>\n<p>\u2022 Der Mitfahrer kann f\u00fcr Fahrten allein in Sekundenschnelle entfernt und mit einer zus\u00e4tzlichen Anh\u00e4ngerkupplung in Sekundenschnelle auf andere Fahrr\u00e4der umgesteckt werden.<\/p>\n<p>\u2022 Neues patentiertes Sync Link Pivot-Design sorgt f\u00fcr eine reibungslose Bewegung und Fahrt f\u00fcr das Kind.<\/p>\n<p>\u2022 Neuer Arm l\u00e4sst sich zur einfachen Lagerung\/Bewegung leicht zusammenklappen.<\/p>\n<p>\u2022 Verstellbarer Lenker, H\u00f6hen- und Drehverstellung f\u00fcr maximalen Altersbereich.<\/p>\n<p>\u2022 Passt einzigartig auf Oversize-Sattelst\u00fctzen bis zu 40 mm.<\/p>\n<p>\u2022 Sicherheitsfahne enthalten.<\/p>\n<p>\u2022 20-Zoll-Felgengr\u00f6\u00dfe.<\/p>\n<p>\u2022 H\u00e4lt Fahrer bis zu 35 kg.<\/p>\n<p>\u2022 Empfohlen f\u00fcr Kinder von 4 \u2013 9 Jahren, die Innenbeinl\u00e4nge muss mindestens 52 cm betragen, um bei niedrigster Einstellung treten zu k\u00f6nnen. Eine Innenbeinl\u00e4nge von 40 cm ist zum Mitrollen ausreichend.<\/p>\n<p>\u2022 Kind kann vorw\u00e4rts, r\u00fcckw\u00e4rts oder freilaufend treten.<\/p>\n<p>\u2022 JETZT MIT VERBESSERTER VERPACKUNG UND SATTELST\u00dcTZENSCHUTZ<\/p>\n<p>Der Link Pro f\u00fcgt hinzu:<\/p>\n<p>Alufelgen<\/p>\n<p>Aluminiumrahmen<\/p>\n<p>Hinterrad-Schutzblech<\/p>\n<p>Schmutzf\u00e4nger<\/p>\n<p>Extra breite 2,4-Reifen<\/p>\n<p>3-teilige Kurbel<\/div>\n\t\t\t\t<\/div>","protected":false},"featured_media":35378,"comment_status":"closed","ping_status":"closed","template":"","meta":{"_acf_changed":false},"product_brand":[],"product_cat":[24],"product_tag":[],"class_list":{"0":"post-35375","1":"product","2":"type-product","3":"status-publish","4":"has-post-thumbnail","6":"product_cat-tag-alongs","8":"first","9":"instock","10":"sale","11":"taxable","12":"shipping-taxable","13":"purchasable","14":"product-type-simple"},"acf":[],"yoast_head":"<!-- This site is optimized with the Yoast SEO plugin v27.4 - https:\/\/yoast.com\/product\/yoast-seo-wordpress\/ -->\n<title>WeeRide Tagalong Kazam Link Pro Trailer Bike &#8211; Weeride UK<\/title>\n<meta name=\"robots\" content=\"index, follow, max-snippet:-1, max-image-preview:large, max-video-preview:-1\" \/>\n<link rel=\"canonical\" href=\"https:\/\/www.weeride.co.uk\/de\/shop\/weeride-tagalong-kazam-link-pro-fahrradanhanger\/\" \/>\n<meta property=\"og:locale\" content=\"de_DE\" \/>\n<meta property=\"og:type\" content=\"article\" \/>\n<meta property=\"og:title\" content=\"WeeRide Tagalong Kazam Link Pro Trailer Bike &#8211; Weeride UK\" \/>\n<meta property=\"og:url\" content=\"https:\/\/www.weeride.co.uk\/de\/shop\/weeride-tagalong-kazam-link-pro-fahrradanhanger\/\" \/>\n<meta property=\"og:site_name\" content=\"Weeride UK\" \/>\n<meta property=\"article:modified_time\" content=\"2026-04-15T08:07:47+00:00\" \/>\n<meta property=\"og:image\" content=\"https:\/\/www.weeride.co.uk\/wp-content\/uploads\/2021\/01\/Weeride_LinkPRO_Black-1500.jpg\" \/>\n\t<meta property=\"og:image:width\" content=\"1500\" \/>\n\t<meta property=\"og:image:height\" content=\"966\" \/>\n\t<meta property=\"og:image:type\" content=\"image\/jpeg\" \/>\n<meta name=\"twitter:card\" content=\"summary_large_image\" \/>\n<meta name=\"twitter:description\" content=\"[learn_more caption=&quot;KEY SALES POINTS&quot;]  \u2022 Meets all Worldwide Safety Standards.  \u2022 Fits more bikes than any other tagalong with the universal fitting hitch.  \u2022 The tagalong can be removed in seconds for solo riding, and can be switched between bikes in seconds with additional hitch.  \u2022 New patented Sync Link Pivot design ensures smooth movement and ride for child.  \u2022 New arm folds easily for compact storage \/ movement.  \u2022 Adjustable handlebars, up\/down and rotation adjustments for maximum age range.  \u2022 Uniquely fits oversized seat posts upto 40mm.  \u2022 Safety Flag included.  \u2022 20&quot; wheel size.  \u2022 Holds up to a 35kg rider.  \u2022 Recommended for ages 4 \u2013 9, rider must have inside leg of at least 52cm to pedal at lowest, but can coast on pedals at 40cm.  \u2022 Child can pedal forward, backwards or coast.  \u2022 NOW WITH IMPROVED PACKAGING AND SEAT POST PROTECTION  The Link Pro adds:  Aluminium Mag Wheels  Aluminium Frame  Rear mudguard  Crud guard  Extra wide 2.4 tyre  3 piece crank [\/learn_more]\" \/>\n<meta name=\"twitter:label1\" content=\"Est. reading time\" \/>\n\t<meta name=\"twitter:data1\" content=\"1\u00a0Minute\" \/>\n<script type=\"application\/ld+json\" class=\"yoast-schema-graph\">{\"@context\":\"https:\\\/\\\/schema.org\",\"@graph\":[{\"@type\":\"WebPage\",\"@id\":\"https:\\\/\\\/www.weeride.co.uk\\\/shop\\\/weeride-tagalong-kazam-link-pro-trailer-bike\\\/\",\"url\":\"https:\\\/\\\/www.weeride.co.uk\\\/shop\\\/weeride-tagalong-kazam-link-pro-trailer-bike\\\/\",\"name\":\"WeeRide Tagalong Kazam Link Pro Trailer Bike &#8211; Weeride UK\",\"isPartOf\":{\"@id\":\"https:\\\/\\\/www.weeride.co.uk\\\/#website\"},\"primaryImageOfPage\":{\"@id\":\"https:\\\/\\\/www.weeride.co.uk\\\/shop\\\/weeride-tagalong-kazam-link-pro-trailer-bike\\\/#primaryimage\"},\"image\":{\"@id\":\"https:\\\/\\\/www.weeride.co.uk\\\/shop\\\/weeride-tagalong-kazam-link-pro-trailer-bike\\\/#primaryimage\"},\"thumbnailUrl\":\"https:\\\/\\\/www.weeride.co.uk\\\/wp-content\\\/uploads\\\/2021\\\/01\\\/Weeride_LinkPRO_Black-1500.jpg\",\"datePublished\":\"2021-01-05T21:30:42+00:00\",\"dateModified\":\"2026-04-15T08:07:47+00:00\",\"breadcrumb\":{\"@id\":\"https:\\\/\\\/www.weeride.co.uk\\\/shop\\\/weeride-tagalong-kazam-link-pro-trailer-bike\\\/#breadcrumb\"},\"inLanguage\":\"de\",\"potentialAction\":[{\"@type\":\"ReadAction\",\"target\":[\"https:\\\/\\\/www.weeride.co.uk\\\/shop\\\/weeride-tagalong-kazam-link-pro-trailer-bike\\\/\"]}]},{\"@type\":\"ImageObject\",\"inLanguage\":\"de\",\"@id\":\"https:\\\/\\\/www.weeride.co.uk\\\/shop\\\/weeride-tagalong-kazam-link-pro-trailer-bike\\\/#primaryimage\",\"url\":\"https:\\\/\\\/www.weeride.co.uk\\\/wp-content\\\/uploads\\\/2021\\\/01\\\/Weeride_LinkPRO_Black-1500.jpg\",\"contentUrl\":\"https:\\\/\\\/www.weeride.co.uk\\\/wp-content\\\/uploads\\\/2021\\\/01\\\/Weeride_LinkPRO_Black-1500.jpg\",\"width\":1500,\"height\":966,\"caption\":\"Black Tag-along bike\"},{\"@type\":\"BreadcrumbList\",\"@id\":\"https:\\\/\\\/www.weeride.co.uk\\\/shop\\\/weeride-tagalong-kazam-link-pro-trailer-bike\\\/#breadcrumb\",\"itemListElement\":[{\"@type\":\"ListItem\",\"position\":1,\"name\":\"Home\",\"item\":\"https:\\\/\\\/www.weeride.co.uk\\\/\"},{\"@type\":\"ListItem\",\"position\":2,\"name\":\"Shop\",\"item\":\"https:\\\/\\\/www.weeride.co.uk\\\/shop\\\/\"},{\"@type\":\"ListItem\",\"position\":3,\"name\":\"WeeRide Tagalong Kazam Link Pro Trailer Bike\"}]},{\"@type\":\"WebSite\",\"@id\":\"https:\\\/\\\/www.weeride.co.uk\\\/#website\",\"url\":\"https:\\\/\\\/www.weeride.co.uk\\\/\",\"name\":\"Weeride UK\",\"description\":\"Official UK distributor of WeeRide products\",\"publisher\":{\"@id\":\"https:\\\/\\\/www.weeride.co.uk\\\/#organization\"},\"potentialAction\":[{\"@type\":\"SearchAction\",\"target\":{\"@type\":\"EntryPoint\",\"urlTemplate\":\"https:\\\/\\\/www.weeride.co.uk\\\/?s={search_term_string}\"},\"query-input\":{\"@type\":\"PropertyValueSpecification\",\"valueRequired\":true,\"valueName\":\"search_term_string\"}}],\"inLanguage\":\"de\"},{\"@type\":\"Organization\",\"@id\":\"https:\\\/\\\/www.weeride.co.uk\\\/#organization\",\"name\":\"WeeRide UK\",\"url\":\"https:\\\/\\\/www.weeride.co.uk\\\/\",\"logo\":{\"@type\":\"ImageObject\",\"inLanguage\":\"de\",\"@id\":\"https:\\\/\\\/www.weeride.co.uk\\\/#\\\/schema\\\/logo\\\/image\\\/\",\"url\":\"https:\\\/\\\/www.weeride.co.uk\\\/wp-content\\\/uploads\\\/2019\\\/08\\\/Weeride-Logo.png\",\"contentUrl\":\"https:\\\/\\\/www.weeride.co.uk\\\/wp-content\\\/uploads\\\/2019\\\/08\\\/Weeride-Logo.png\",\"width\":1500,\"height\":750,\"caption\":\"WeeRide UK\"},\"image\":{\"@id\":\"https:\\\/\\\/www.weeride.co.uk\\\/#\\\/schema\\\/logo\\\/image\\\/\"}}]}<\/script>\n<!-- \/ Yoast SEO plugin. -->","yoast_head_json":{"title":"WeeRide Tagalong Kazam Link Pro Anh\u00e4ngerfahrrad \u2013 Weeride UK","robots":{"index":"index","follow":"follow","max-snippet":"max-snippet:-1","max-image-preview":"max-image-preview:large","max-video-preview":"max-video-preview:-1"},"canonical":"https:\/\/www.weeride.co.uk\/de\/shop\/weeride-tagalong-kazam-link-pro-fahrradanhanger\/","og_locale":"de_DE","og_type":"article","og_title":"WeeRide Tagalong Kazam Link Pro Trailer Bike &#8211; Weeride UK","og_url":"https:\/\/www.weeride.co.uk\/de\/shop\/weeride-tagalong-kazam-link-pro-fahrradanhanger\/","og_site_name":"Weeride UK","article_modified_time":"2026-04-15T08:07:47+00:00","og_image":[{"width":1500,"height":966,"url":"https:\/\/www.weeride.co.uk\/wp-content\/uploads\/2021\/01\/Weeride_LinkPRO_Black-1500.jpg","type":"image\/jpeg"}],"twitter_card":"summary_large_image","twitter_description":"[learn_more caption=\"KEY SALES POINTS\"]  \u2022 Meets all Worldwide Safety Standards.  \u2022 Fits more bikes than any other tagalong with the universal fitting hitch.  \u2022 The tagalong can be removed in seconds for solo riding, and can be switched between bikes in seconds with additional hitch.  \u2022 New patented Sync Link Pivot design ensures smooth movement and ride for child.  \u2022 New arm folds easily for compact storage \/ movement.  \u2022 Adjustable handlebars, up\/down and rotation adjustments for maximum age range.  \u2022 Uniquely fits oversized seat posts upto 40mm.  \u2022 Safety Flag included.  \u2022 20\" wheel size.  \u2022 Holds up to a 35kg rider.  \u2022 Recommended for ages 4 \u2013 9, rider must have inside leg of at least 52cm to pedal at lowest, but can coast on pedals at 40cm.  \u2022 Child can pedal forward, backwards or coast.  \u2022 NOW WITH IMPROVED PACKAGING AND SEAT POST PROTECTION  The Link Pro adds:  Aluminium Mag Wheels  Aluminium Frame  Rear mudguard  Crud guard  Extra wide 2.4 tyre  3 piece crank [\/learn_more]","twitter_misc":{"Est. reading time":"1\u00a0Minute"},"schema":{"@context":"https:\/\/schema.org","@graph":[{"@type":"WebPage","@id":"https:\/\/www.weeride.co.uk\/shop\/weeride-tagalong-kazam-link-pro-trailer-bike\/","url":"https:\/\/www.weeride.co.uk\/shop\/weeride-tagalong-kazam-link-pro-trailer-bike\/","name":"WeeRide Tagalong Kazam Link Pro Anh\u00e4ngerfahrrad \u2013 Weeride UK","isPartOf":{"@id":"https:\/\/www.weeride.co.uk\/#website"},"primaryImageOfPage":{"@id":"https:\/\/www.weeride.co.uk\/shop\/weeride-tagalong-kazam-link-pro-trailer-bike\/#primaryimage"},"image":{"@id":"https:\/\/www.weeride.co.uk\/shop\/weeride-tagalong-kazam-link-pro-trailer-bike\/#primaryimage"},"thumbnailUrl":"https:\/\/www.weeride.co.uk\/wp-content\/uploads\/2021\/01\/Weeride_LinkPRO_Black-1500.jpg","datePublished":"2021-01-05T21:30:42+00:00","dateModified":"2026-04-15T08:07:47+00:00","breadcrumb":{"@id":"https:\/\/www.weeride.co.uk\/shop\/weeride-tagalong-kazam-link-pro-trailer-bike\/#breadcrumb"},"inLanguage":"de","potentialAction":[{"@type":"ReadAction","target":["https:\/\/www.weeride.co.uk\/shop\/weeride-tagalong-kazam-link-pro-trailer-bike\/"]}]},{"@type":"ImageObject","inLanguage":"de","@id":"https:\/\/www.weeride.co.uk\/shop\/weeride-tagalong-kazam-link-pro-trailer-bike\/#primaryimage","url":"https:\/\/www.weeride.co.uk\/wp-content\/uploads\/2021\/01\/Weeride_LinkPRO_Black-1500.jpg","contentUrl":"https:\/\/www.weeride.co.uk\/wp-content\/uploads\/2021\/01\/Weeride_LinkPRO_Black-1500.jpg","width":1500,"height":966,"caption":"Black Tag-along bike"},{"@type":"BreadcrumbList","@id":"https:\/\/www.weeride.co.uk\/shop\/weeride-tagalong-kazam-link-pro-trailer-bike\/#breadcrumb","itemListElement":[{"@type":"ListItem","position":1,"name":"Home","item":"https:\/\/www.weeride.co.uk\/"},{"@type":"ListItem","position":2,"name":"Shop","item":"https:\/\/www.weeride.co.uk\/shop\/"},{"@type":"ListItem","position":3,"name":"WeeRide Tagalong Kazam Link Pro Trailer Bike"}]},{"@type":"WebSite","@id":"https:\/\/www.weeride.co.uk\/#website","url":"https:\/\/www.weeride.co.uk\/","name":"Weeride Vereinigtes K\u00f6nigreich","description":"Offizieller britischer H\u00e4ndler von WeeRide-Produkten","publisher":{"@id":"https:\/\/www.weeride.co.uk\/#organization"},"potentialAction":[{"@type":"SearchAction","target":{"@type":"EntryPoint","urlTemplate":"https:\/\/www.weeride.co.uk\/?s={search_term_string}"},"query-input":{"@type":"PropertyValueSpecification","valueRequired":true,"valueName":"search_term_string"}}],"inLanguage":"de"},{"@type":"Organization","@id":"https:\/\/www.weeride.co.uk\/#organization","name":"WeeRide Gro\u00dfbritannien","url":"https:\/\/www.weeride.co.uk\/","logo":{"@type":"ImageObject","inLanguage":"de","@id":"https:\/\/www.weeride.co.uk\/#\/schema\/logo\/image\/","url":"https:\/\/www.weeride.co.uk\/wp-content\/uploads\/2019\/08\/Weeride-Logo.png","contentUrl":"https:\/\/www.weeride.co.uk\/wp-content\/uploads\/2019\/08\/Weeride-Logo.png","width":1500,"height":750,"caption":"WeeRide UK"},"image":{"@id":"https:\/\/www.weeride.co.uk\/#\/schema\/logo\/image\/"}}]}},"_links":{"self":[{"href":"https:\/\/www.weeride.co.uk\/de\/wp-json\/wp\/v2\/product\/35375","targetHints":{"allow":["GET"]}}],"collection":[{"href":"https:\/\/www.weeride.co.uk\/de\/wp-json\/wp\/v2\/product"}],"about":[{"href":"https:\/\/www.weeride.co.uk\/de\/wp-json\/wp\/v2\/types\/product"}],"replies":[{"embeddable":true,"href":"https:\/\/www.weeride.co.uk\/de\/wp-json\/wp\/v2\/comments?post=35375"}],"wp:featuredmedia":[{"embeddable":true,"href":"https:\/\/www.weeride.co.uk\/de\/wp-json\/wp\/v2\/media\/35378"}],"wp:attachment":[{"href":"https:\/\/www.weeride.co.uk\/de\/wp-json\/wp\/v2\/media?parent=35375"}],"wp:term":[{"taxonomy":"product_brand","embeddable":true,"href":"https:\/\/www.weeride.co.uk\/de\/wp-json\/wp\/v2\/product_brand?post=35375"},{"taxonomy":"product_cat","embeddable":true,"href":"https:\/\/www.weeride.co.uk\/de\/wp-json\/wp\/v2\/product_cat?post=35375"},{"taxonomy":"product_tag","embeddable":true,"href":"https:\/\/www.weeride.co.uk\/de\/wp-json\/wp\/v2\/product_tag?post=35375"}],"curies":[{"name":"wp","href":"https:\/\/api.w.org\/{rel}","templated":true}]}}