{"id":91,"date":"2019-08-08T07:08:14","date_gmt":"2019-08-08T07:08:14","guid":{"rendered":"http:\/\/weeride.unpickle.guru\/?page_id=91"},"modified":"2026-04-27T12:31:58","modified_gmt":"2026-04-27T12:31:58","slug":"uber","status":"publish","type":"page","link":"https:\/\/www.weeride.co.uk\/de\/about\/","title":{"rendered":"\u00dcber"},"content":{"rendered":"<div class=\"et_pb_section_0 et_pb_section et_section_regular et_block_section\"><div class=\"et_pb_row_0 et_pb_row et_block_row\"><div class=\"et_pb_column_0 et_pb_column et_pb_column_4_4 et-last-child et_block_column et_pb_css_mix_blend_mode_passthrough\"><div class=\"et_pb_text_0 et_pb_text et_pb_bg_layout_light et_pb_module et_block_module\"><div class=\"et_pb_text_inner\"><h1 style=\"text-align: center;\">DIE WEERIDE UK GESCHICHTE<\/h1>\n<p style=\"text-align: center;\">\n<p style=\"text-align: center;\">WARUM SIE SICH% 100% SICHER BEI IHREM KAUF F\u00dcHLEN SOLLTEN<\/p>\n<\/div><\/div><\/div><\/div><div class=\"et_pb_row_1 et_pb_row et_block_row\"><div class=\"et_pb_column_1 et_pb_column et_pb_column_1_2 et_block_column et_pb_css_mix_blend_mode_passthrough\" id=\"circle-image\"><div class=\"et_pb_image_0 et_pb_image et_pb_module et_block_module\"><span class=\"et_pb_image_wrap\"><img loading=\"lazy\" decoding=\"async\" src=\"https:\/\/www.weeride.co.uk\/wp-content\/uploads\/2019\/08\/ZZMHbikeasleppAPR05c-e1567039665853.jpg\" width=\"1944\" height=\"1944\" srcset=\"https:\/\/www.weeride.co.uk\/wp-content\/uploads\/2019\/08\/ZZMHbikeasleppAPR05c-e1567039665853.jpg 1944w, https:\/\/www.weeride.co.uk\/wp-content\/uploads\/2019\/08\/ZZMHbikeasleppAPR05c-e1567039665853-1280x720.jpg 1280w, https:\/\/www.weeride.co.uk\/wp-content\/uploads\/2019\/08\/ZZMHbikeasleppAPR05c-e1567039665853-980x551.jpg 980w, https:\/\/www.weeride.co.uk\/wp-content\/uploads\/2019\/08\/ZZMHbikeasleppAPR05c-e1567039665853-480x270.jpg 480w\" sizes=\"(min-width: 0px) and (max-width: 480px) 480px, (min-width: 481px) and (max-width: 980px) 980px, (min-width: 981px) and (max-width: 1280px) 1280px, (min-width: 1281px) 1944px, 100vw\" class=\"wp-image-309\" \/><\/span><\/div><\/div><div class=\"et_pb_column_2 et_pb_column et_pb_column_1_2 et-last-child et_block_column et_pb_css_mix_blend_mode_passthrough\"><div class=\"et_pb_text_1 et_pb_text et_pb_bg_layout_light et_pb_module et_block_module\"><div class=\"et_pb_text_inner\"><p>\u00a0Im Jahr 2006 brauchte ich einen Kindersitz f\u00fcr mein Fahrrad. Alles, was ich mir ansah, langweilte mich und erschien mir \u00fcberteuert. Ich bin kein Spontank\u00e4ufer und verbrachte Stunden online mit der Recherche von Produkten, Rezensionen usw. Dann stie\u00df ich online auf den WeeRide. Eine so einfache, aber brillante Idee. Es muss gef\u00e4hrlich sein, es war zu offensichtlich. Also schrieb ich die Besitzer an... Die Antworten waren plausibel, vielleicht war es doch nicht zu offensichtlich.<\/p>\n<p>Ich bin also das \u201cRisiko\u201d eingegangen, habe meine 90 \u00a3 bezahlt und eine gekauft. Die erste Fahrt hat so viel Spa\u00df gemacht. Harry hat gelacht, auf Dinge gezeigt, und ich war begeistert, etwas gefunden zu haben, das wir beide wirklich genie\u00dfen konnten. Es f\u00fchlte sich so sicher an und ich habe etwas Bewegung bekommen. Alle meine W\u00fcnsche wurden erf\u00fcllt.<\/p>\n<p>Auf dem R\u00fcckweg von unserer Fahrt war Harry die Aufregung zu viel und er schlief ein. So wusste ich jetzt, was dieses Plastikteil vorne war, nicht wie ich dachte ein Lenkrad. Sobald ich zu Hause war, lie\u00df ich meine Frau dieses Bild machen und dann schrieb ich den Besitzern.<\/p>\n<\/div><\/div><\/div><\/div><div class=\"et_pb_row_2 et_pb_row et_block_row\"><div class=\"et_pb_column_3 et_pb_column et_pb_column_4_4 et-last-child et_block_column et_pb_css_mix_blend_mode_passthrough\"><div class=\"et_pb_divider_0 et_pb_divider et_pb_space et_pb_divider_position_top et_pb_module\"><div class=\"et_pb_divider_internal\"><\/div><\/div><\/div><\/div><div class=\"et_pb_row_3 et_pb_row et_block_row\"><div class=\"et_pb_column_4 et_pb_column et_pb_column_4_4 et-last-child et_block_column et_pb_css_mix_blend_mode_passthrough\"><div class=\"et_pb_text_2 et_pb_text et_pb_bg_layout_light et_pb_module et_block_module\"><div class=\"et_pb_text_inner\"><h3>\u00dcber MAT NEWMAN<\/h3>\n<p>Sie sahen nicht ein, warum ein Mann, der fast sein ganzes Berufsleben in der Musikbranche verbracht hatte, ihnen etwas bieten konnte. Aber f\u00fcr mich war es einfach.%Ich glaubte zu 100 % an ihr Produkt. Nach zahlreichen E-Mails und Chats gingen sie schlie\u00dflich auf mich ein. Meine ersten Treffen mit Einzelh\u00e4ndlern waren aufgrund meiner mangelnden Kenntnisse \u00fcber Fahrr\u00e4der und diesen Einzelhandelssektor farcehaft. Seien wir ehrlich, der Verkauf von Musik war damals keine schwierige Aufgabe!<\/p>\n<p>Nun hatte ich ein neues Produkt und Konkurrenz. Aber die H\u00e4ndler konnten \u00fcber meine Unerfahrenheit hinwegsehen und meine ehrliche Begeisterung sp\u00fcren. Okay, genug meiner Geschichte. Das gl\u00fcckliche Ende ist, dass wir jetzt den meistverkauften Sitz in den USA und Europa haben und er ist immer noch bei weitem der beste Kindersitz, den Sie Ihrem Kind kaufen k\u00f6nnen. Ich habe inzwischen 3 Kinder auf dem Sitz gro\u00dfgezogen und ihn vom 6. Monat bis zum 5. Lebensjahr verwendet!<\/p>\n<p>Wie oft kauft man ein Produkt, bei dem der Eigent\u00fcmer des Unternehmens nur deshalb involviert ist, weil er das Produkt selbst so liebte?<\/p>\n<p>Und abgesehen vom Spa\u00df, den Sie haben werden, k\u00f6nnen Sie den WeeRide beruhigt kaufen, da er allen weltweiten Sicherheitsstandards entspricht. Sie sollten aina pr\u00fcfen, bevor Sie ein Kinderprodukt kaufen.<\/p>\n<\/div><\/div><\/div><\/div><\/div>","protected":false},"excerpt":{"rendered":"","protected":false},"author":1,"featured_media":0,"parent":0,"menu_order":0,"comment_status":"closed","ping_status":"closed","template":"","meta":{"_acf_changed":false,"footnotes":""},"class_list":["post-91","page","type-page","status-publish","hentry"],"acf":[],"yoast_head":"<!-- This site is optimized with the Yoast SEO plugin v27.4 - https:\/\/yoast.com\/product\/yoast-seo-wordpress\/ -->\n<title>About &#8211; Weeride UK<\/title>\n<meta name=\"robots\" content=\"index, follow, max-snippet:-1, max-image-preview:large, max-video-preview:-1\" \/>\n<link rel=\"canonical\" href=\"https:\/\/www.weeride.co.uk\/de\/uber\/\" \/>\n<meta property=\"og:locale\" content=\"de_DE\" \/>\n<meta property=\"og:type\" content=\"article\" \/>\n<meta property=\"og:title\" content=\"About &#8211; Weeride UK\" \/>\n<meta property=\"og:url\" content=\"https:\/\/www.weeride.co.uk\/de\/uber\/\" \/>\n<meta property=\"og:site_name\" content=\"Weeride UK\" \/>\n<meta property=\"article:modified_time\" content=\"2026-04-27T12:31:58+00:00\" \/>\n<meta name=\"twitter:card\" content=\"summary_large_image\" \/>\n<script type=\"application\/ld+json\" class=\"yoast-schema-graph\">{\"@context\":\"https:\\\/\\\/schema.org\",\"@graph\":[{\"@type\":\"WebPage\",\"@id\":\"https:\\\/\\\/www.weeride.co.uk\\\/about\\\/\",\"url\":\"https:\\\/\\\/www.weeride.co.uk\\\/about\\\/\",\"name\":\"About &#8211; Weeride UK\",\"isPartOf\":{\"@id\":\"https:\\\/\\\/www.weeride.co.uk\\\/#website\"},\"datePublished\":\"2019-08-08T07:08:14+00:00\",\"dateModified\":\"2026-04-27T12:31:58+00:00\",\"breadcrumb\":{\"@id\":\"https:\\\/\\\/www.weeride.co.uk\\\/about\\\/#breadcrumb\"},\"inLanguage\":\"de\",\"potentialAction\":[{\"@type\":\"ReadAction\",\"target\":[\"https:\\\/\\\/www.weeride.co.uk\\\/about\\\/\"]}]},{\"@type\":\"BreadcrumbList\",\"@id\":\"https:\\\/\\\/www.weeride.co.uk\\\/about\\\/#breadcrumb\",\"itemListElement\":[{\"@type\":\"ListItem\",\"position\":1,\"name\":\"Home\",\"item\":\"https:\\\/\\\/www.weeride.co.uk\\\/\"},{\"@type\":\"ListItem\",\"position\":2,\"name\":\"About\"}]},{\"@type\":\"WebSite\",\"@id\":\"https:\\\/\\\/www.weeride.co.uk\\\/#website\",\"url\":\"https:\\\/\\\/www.weeride.co.uk\\\/\",\"name\":\"Weeride UK\",\"description\":\"Official UK distributor of WeeRide products\",\"publisher\":{\"@id\":\"https:\\\/\\\/www.weeride.co.uk\\\/#organization\"},\"potentialAction\":[{\"@type\":\"SearchAction\",\"target\":{\"@type\":\"EntryPoint\",\"urlTemplate\":\"https:\\\/\\\/www.weeride.co.uk\\\/?s={search_term_string}\"},\"query-input\":{\"@type\":\"PropertyValueSpecification\",\"valueRequired\":true,\"valueName\":\"search_term_string\"}}],\"inLanguage\":\"de\"},{\"@type\":\"Organization\",\"@id\":\"https:\\\/\\\/www.weeride.co.uk\\\/#organization\",\"name\":\"WeeRide UK\",\"url\":\"https:\\\/\\\/www.weeride.co.uk\\\/\",\"logo\":{\"@type\":\"ImageObject\",\"inLanguage\":\"de\",\"@id\":\"https:\\\/\\\/www.weeride.co.uk\\\/#\\\/schema\\\/logo\\\/image\\\/\",\"url\":\"https:\\\/\\\/www.weeride.co.uk\\\/wp-content\\\/uploads\\\/2019\\\/08\\\/Weeride-Logo.png\",\"contentUrl\":\"https:\\\/\\\/www.weeride.co.uk\\\/wp-content\\\/uploads\\\/2019\\\/08\\\/Weeride-Logo.png\",\"width\":1500,\"height\":750,\"caption\":\"WeeRide UK\"},\"image\":{\"@id\":\"https:\\\/\\\/www.weeride.co.uk\\\/#\\\/schema\\\/logo\\\/image\\\/\"}}]}<\/script>\n<!-- \/ Yoast SEO plugin. -->","yoast_head_json":{"title":"\u00dcber \u2013 Weeride UK","robots":{"index":"index","follow":"follow","max-snippet":"max-snippet:-1","max-image-preview":"max-image-preview:large","max-video-preview":"max-video-preview:-1"},"canonical":"https:\/\/www.weeride.co.uk\/de\/uber\/","og_locale":"de_DE","og_type":"article","og_title":"About &#8211; Weeride UK","og_url":"https:\/\/www.weeride.co.uk\/de\/uber\/","og_site_name":"Weeride UK","article_modified_time":"2026-04-27T12:31:58+00:00","twitter_card":"summary_large_image","schema":{"@context":"https:\/\/schema.org","@graph":[{"@type":"WebPage","@id":"https:\/\/www.weeride.co.uk\/about\/","url":"https:\/\/www.weeride.co.uk\/about\/","name":"\u00dcber \u2013 Weeride UK","isPartOf":{"@id":"https:\/\/www.weeride.co.uk\/#website"},"datePublished":"2019-08-08T07:08:14+00:00","dateModified":"2026-04-27T12:31:58+00:00","breadcrumb":{"@id":"https:\/\/www.weeride.co.uk\/about\/#breadcrumb"},"inLanguage":"de","potentialAction":[{"@type":"ReadAction","target":["https:\/\/www.weeride.co.uk\/about\/"]}]},{"@type":"BreadcrumbList","@id":"https:\/\/www.weeride.co.uk\/about\/#breadcrumb","itemListElement":[{"@type":"ListItem","position":1,"name":"Home","item":"https:\/\/www.weeride.co.uk\/"},{"@type":"ListItem","position":2,"name":"About"}]},{"@type":"WebSite","@id":"https:\/\/www.weeride.co.uk\/#website","url":"https:\/\/www.weeride.co.uk\/","name":"Weeride Vereinigtes K\u00f6nigreich","description":"Offizieller britischer H\u00e4ndler von WeeRide-Produkten","publisher":{"@id":"https:\/\/www.weeride.co.uk\/#organization"},"potentialAction":[{"@type":"SearchAction","target":{"@type":"EntryPoint","urlTemplate":"https:\/\/www.weeride.co.uk\/?s={search_term_string}"},"query-input":{"@type":"PropertyValueSpecification","valueRequired":true,"valueName":"search_term_string"}}],"inLanguage":"de"},{"@type":"Organization","@id":"https:\/\/www.weeride.co.uk\/#organization","name":"WeeRide Gro\u00dfbritannien","url":"https:\/\/www.weeride.co.uk\/","logo":{"@type":"ImageObject","inLanguage":"de","@id":"https:\/\/www.weeride.co.uk\/#\/schema\/logo\/image\/","url":"https:\/\/www.weeride.co.uk\/wp-content\/uploads\/2019\/08\/Weeride-Logo.png","contentUrl":"https:\/\/www.weeride.co.uk\/wp-content\/uploads\/2019\/08\/Weeride-Logo.png","width":1500,"height":750,"caption":"WeeRide UK"},"image":{"@id":"https:\/\/www.weeride.co.uk\/#\/schema\/logo\/image\/"}}]}},"_links":{"self":[{"href":"https:\/\/www.weeride.co.uk\/de\/wp-json\/wp\/v2\/pages\/91","targetHints":{"allow":["GET"]}}],"collection":[{"href":"https:\/\/www.weeride.co.uk\/de\/wp-json\/wp\/v2\/pages"}],"about":[{"href":"https:\/\/www.weeride.co.uk\/de\/wp-json\/wp\/v2\/types\/page"}],"author":[{"embeddable":true,"href":"https:\/\/www.weeride.co.uk\/de\/wp-json\/wp\/v2\/users\/1"}],"replies":[{"embeddable":true,"href":"https:\/\/www.weeride.co.uk\/de\/wp-json\/wp\/v2\/comments?post=91"}],"version-history":[{"count":13,"href":"https:\/\/www.weeride.co.uk\/de\/wp-json\/wp\/v2\/pages\/91\/revisions"}],"predecessor-version":[{"id":51646,"href":"https:\/\/www.weeride.co.uk\/de\/wp-json\/wp\/v2\/pages\/91\/revisions\/51646"}],"wp:attachment":[{"href":"https:\/\/www.weeride.co.uk\/de\/wp-json\/wp\/v2\/media?parent=91"}],"curies":[{"name":"wp","href":"https:\/\/api.w.org\/{rel}","templated":true}]}}